{"id":50,"date":"2021-09-09T18:54:38","date_gmt":"2021-09-09T16:54:38","guid":{"rendered":"http:\/\/cassielou.com\/?page_id=50"},"modified":"2021-11-03T14:49:55","modified_gmt":"2021-11-03T13:49:55","slug":"concerts","status":"publish","type":"page","link":"https:\/\/cassielou.com\/index.php\/concerts\/","title":{"rendered":"Concerts"},"content":{"rendered":"\n<h1>Concerts<\/h1>\n\n\n\n<div class=\"wp-block-advgb-columns advgb-columns-wrapper\" id=\"advgb-cols-85e333b8-aae3-4289-a4ec-434f322b7796\"><div class=\"advgb-columns-container\"><div class=\"advgb-columns advgb-columns-row advgb-is-mobile advgb-columns-2 layout-12-12 tbl-layout-12-12 mbl-layout-stacked vgutter-10\">\n<div class=\"wp-block-advgb-column advgb-column advgb-is-half-desktop advgb-is-half-tablet advgb-is-full-mobile\" id=\"advgb-col-17e8b6ad-3654-478c-89da-e95d9135a0bb\"><div class=\"advgb-column-inner\" style=\"border-style:none;border-width:1px\">\n<p>Retrouvez les derni\u00e8res infos sur les dates de concerts et sorties d\u2019albums sur <a href=\"https:\/\/www.facebook.com\/cassie.lou.376\" target=\"_blank\" rel=\"noreferrer noopener\">Facebook<\/a> ou <a href=\"https:\/\/www.instagram.com\/cassielou.nath\/\" target=\"_blank\" rel=\"noreferrer noopener\">Instagram<\/a>.<\/p>\n\n\n\n<h3 class=\"wp-block-heading\">2021<\/h3>\n\n\n\n<p>Bourg (33) le 20 juin 2021<br>Le Porge 33) le 19 juin et le 13 juillet 2021<\/p>\n\n\n\n<h3 class=\"wp-block-heading\">2021<\/h3>\n\n\n\n<p>Le Porge 33) le 21 juin et le 14 juillet 2021<\/p>\n\n\n\n<h3 class=\"wp-block-heading\">Tourn\u00e9e Sentimental<\/h3>\n\n\n\n<p>Laon (02) le 24 septembre 20211<br>Bordeaux (33) le 8 octobre 2011<br>Massy (91) le 22 octobre 2011<br>Gouvieux (60) le 19 novembre 2011<\/p>\n\n\n\n<h3 class=\"wp-block-heading\">Tourn\u00e9e Aimer pour deux<\/h3>\n\n\n\n<p>Tous les lundi de juin 2006 au Th\u00e9\u00e2tre de la grande Com\u00e9die \u00e0 Paris<br>De septembre \u00e0 novembre 2006 \u00e0 l&#8217;Espace Tatry de Bordeaux<br>Les 13, 20 et 27 mars 2008 \u00e0 l&#8217;espace La Com\u00e9dia \u00e0 Paris<\/p>\n<\/div><\/div>\n\n\n\n<div class=\"wp-block-advgb-column advgb-column advgb-is-half-desktop advgb-is-half-tablet advgb-is-full-mobile\" id=\"advgb-col-9098d717-ffbc-48ec-a353-e3305f5ff8e6\"><div class=\"advgb-column-inner\" style=\"border-style:none;border-width:1px\">\n<figure class=\"wp-block-gallery columns-1 is-cropped wp-block-gallery-1\"><ul class=\"blocks-gallery-grid\"><li class=\"blocks-gallery-item\"><figure><img decoding=\"async\" loading=\"lazy\" width=\"800\" height=\"576\" src=\"https:\/\/cassielou.com\/wp-content\/uploads\/2021\/10\/photo_cassielou23.jpg\" alt=\"\" data-id=\"152\" data-full-url=\"https:\/\/cassielou.com\/wp-content\/uploads\/2021\/10\/photo_cassielou23.jpg\" data-link=\"https:\/\/cassielou.com\/photo_cassielou23\/\" class=\"wp-image-152 is-layout-flex\" srcset=\"https:\/\/cassielou.com\/wp-content\/uploads\/2021\/10\/photo_cassielou23.jpg 800w, https:\/\/cassielou.com\/wp-content\/uploads\/2021\/10\/photo_cassielou23-300x216.jpg 300w, https:\/\/cassielou.com\/wp-content\/uploads\/2021\/10\/photo_cassielou23-768x553.jpg 768w, https:\/\/cassielou.com\/wp-content\/uploads\/2021\/10\/photo_cassielou23-230x166.jpg 230w, https:\/\/cassielou.com\/wp-content\/uploads\/2021\/10\/photo_cassielou23-350x252.jpg 350w, https:\/\/cassielou.com\/wp-content\/uploads\/2021\/10\/photo_cassielou23-480x346.jpg 480w\" sizes=\"(max-width: 800px) 100vw, 800px\" \/><\/figure><\/li><\/ul><\/figure>\n<\/div><\/div>\n<\/div><\/div><\/div>\n<style class=\"advgb-styles-renderer\">#advgb-cols-85e333b8-aae3-4289-a4ec-434f322b7796{}@media screen and (max-width: 1023px) {#advgb-cols-85e333b8-aae3-4289-a4ec-434f322b7796{}}@media screen and (max-width: 767px) {#advgb-cols-85e333b8-aae3-4289-a4ec-434f322b7796{}}#advgb-col-17e8b6ad-3654-478c-89da-e95d9135a0bb>.advgb-column-inner{margin-right:0px;padding-top:0px;}@media screen and (max-width: 1023px) {#advgb-col-17e8b6ad-3654-478c-89da-e95d9135a0bb>.advgb-column-inner{}}@media screen and (max-width: 767px) {#advgb-col-17e8b6ad-3654-478c-89da-e95d9135a0bb>.advgb-column-inner{}}#advgb-col-9098d717-ffbc-48ec-a353-e3305f5ff8e6>.advgb-column-inner{margin-top:7px;margin-left:80px;}@media screen and (max-width: 1023px) {#advgb-col-9098d717-ffbc-48ec-a353-e3305f5ff8e6>.advgb-column-inner{}}@media screen and (max-width: 767px) {#advgb-col-9098d717-ffbc-48ec-a353-e3305f5ff8e6>.advgb-column-inner{margin-left:0px;}}<\/style>","protected":false},"excerpt":{"rendered":"<p>Concerts<\/p>\n","protected":false},"author":1,"featured_media":0,"parent":0,"menu_order":0,"comment_status":"closed","ping_status":"closed","template":"page-templates\/page_front-page.php","meta":{"advgb_blocks_editor_width":"","advgb_blocks_columns_visual_guide":"","inline_featured_image":false},"yoast_head":"<!-- This site is optimized with the Yoast SEO plugin v20.8 - https:\/\/yoast.com\/wordpress\/plugins\/seo\/ -->\n<title>Concerts - Cassie Lou<\/title>\n<meta name=\"robots\" content=\"index, follow, max-snippet:-1, max-image-preview:large, max-video-preview:-1\" \/>\n<link rel=\"canonical\" href=\"https:\/\/cassielou.com\/index.php\/concerts\/\" \/>\n<meta property=\"og:locale\" content=\"en_US\" \/>\n<meta property=\"og:type\" content=\"article\" \/>\n<meta property=\"og:title\" content=\"Concerts - Cassie Lou\" \/>\n<meta property=\"og:description\" content=\"Concerts\" \/>\n<meta property=\"og:url\" content=\"https:\/\/cassielou.com\/index.php\/concerts\/\" \/>\n<meta property=\"og:site_name\" content=\"Cassie Lou\" \/>\n<meta property=\"article:modified_time\" content=\"2021-11-03T13:49:55+00:00\" \/>\n<meta property=\"og:image\" content=\"https:\/\/cassielou.com\/wp-content\/uploads\/2021\/10\/photo_cassielou23.jpg\" \/>\n<meta name=\"twitter:card\" content=\"summary_large_image\" \/>\n<meta name=\"twitter:label1\" content=\"Est. reading time\" \/>\n\t<meta name=\"twitter:data1\" content=\"1 minute\" \/>\n<script type=\"application\/ld+json\" class=\"yoast-schema-graph\">{\"@context\":\"https:\/\/schema.org\",\"@graph\":[{\"@type\":\"WebPage\",\"@id\":\"https:\/\/cassielou.com\/index.php\/concerts\/\",\"url\":\"https:\/\/cassielou.com\/index.php\/concerts\/\",\"name\":\"Concerts - Cassie Lou\",\"isPartOf\":{\"@id\":\"https:\/\/cassielou.com\/#website\"},\"datePublished\":\"2021-09-09T16:54:38+00:00\",\"dateModified\":\"2021-11-03T13:49:55+00:00\",\"breadcrumb\":{\"@id\":\"https:\/\/cassielou.com\/index.php\/concerts\/#breadcrumb\"},\"inLanguage\":\"en-US\",\"potentialAction\":[{\"@type\":\"ReadAction\",\"target\":[\"https:\/\/cassielou.com\/index.php\/concerts\/\"]}]},{\"@type\":\"BreadcrumbList\",\"@id\":\"https:\/\/cassielou.com\/index.php\/concerts\/#breadcrumb\",\"itemListElement\":[{\"@type\":\"ListItem\",\"position\":1,\"name\":\"Accueil\",\"item\":\"https:\/\/cassielou.com\/\"},{\"@type\":\"ListItem\",\"position\":2,\"name\":\"Concerts\"}]},{\"@type\":\"WebSite\",\"@id\":\"https:\/\/cassielou.com\/#website\",\"url\":\"https:\/\/cassielou.com\/\",\"name\":\"Cassie Lou\",\"description\":\"\",\"potentialAction\":[{\"@type\":\"SearchAction\",\"target\":{\"@type\":\"EntryPoint\",\"urlTemplate\":\"https:\/\/cassielou.com\/?s={search_term_string}\"},\"query-input\":\"required name=search_term_string\"}],\"inLanguage\":\"en-US\"}]}<\/script>\n<!-- \/ Yoast SEO plugin. -->","yoast_head_json":{"title":"Concerts - Cassie Lou","robots":{"index":"index","follow":"follow","max-snippet":"max-snippet:-1","max-image-preview":"max-image-preview:large","max-video-preview":"max-video-preview:-1"},"canonical":"https:\/\/cassielou.com\/index.php\/concerts\/","og_locale":"en_US","og_type":"article","og_title":"Concerts - Cassie Lou","og_description":"Concerts","og_url":"https:\/\/cassielou.com\/index.php\/concerts\/","og_site_name":"Cassie Lou","article_modified_time":"2021-11-03T13:49:55+00:00","og_image":[{"url":"https:\/\/cassielou.com\/wp-content\/uploads\/2021\/10\/photo_cassielou23.jpg"}],"twitter_card":"summary_large_image","twitter_misc":{"Est. reading time":"1 minute"},"schema":{"@context":"https:\/\/schema.org","@graph":[{"@type":"WebPage","@id":"https:\/\/cassielou.com\/index.php\/concerts\/","url":"https:\/\/cassielou.com\/index.php\/concerts\/","name":"Concerts - Cassie Lou","isPartOf":{"@id":"https:\/\/cassielou.com\/#website"},"datePublished":"2021-09-09T16:54:38+00:00","dateModified":"2021-11-03T13:49:55+00:00","breadcrumb":{"@id":"https:\/\/cassielou.com\/index.php\/concerts\/#breadcrumb"},"inLanguage":"en-US","potentialAction":[{"@type":"ReadAction","target":["https:\/\/cassielou.com\/index.php\/concerts\/"]}]},{"@type":"BreadcrumbList","@id":"https:\/\/cassielou.com\/index.php\/concerts\/#breadcrumb","itemListElement":[{"@type":"ListItem","position":1,"name":"Accueil","item":"https:\/\/cassielou.com\/"},{"@type":"ListItem","position":2,"name":"Concerts"}]},{"@type":"WebSite","@id":"https:\/\/cassielou.com\/#website","url":"https:\/\/cassielou.com\/","name":"Cassie Lou","description":"","potentialAction":[{"@type":"SearchAction","target":{"@type":"EntryPoint","urlTemplate":"https:\/\/cassielou.com\/?s={search_term_string}"},"query-input":"required name=search_term_string"}],"inLanguage":"en-US"}]}},"coauthors":[],"author_meta":{"author_link":"https:\/\/cassielou.com\/index.php\/author\/admin0921\/","display_name":"admin0921"},"relative_dates":{"created":"Posted 5 years ago","modified":"Updated 5 years ago"},"absolute_dates":{"created":"Posted on 9 September 2021","modified":"Updated on 3 November 2021"},"absolute_dates_time":{"created":"Posted on 9 September 2021 18h54","modified":"Updated on 3 November 2021 14h49"},"featured_img_caption":"","featured_img":false,"series_order":"","_links":{"self":[{"href":"https:\/\/cassielou.com\/index.php\/wp-json\/wp\/v2\/pages\/50"}],"collection":[{"href":"https:\/\/cassielou.com\/index.php\/wp-json\/wp\/v2\/pages"}],"about":[{"href":"https:\/\/cassielou.com\/index.php\/wp-json\/wp\/v2\/types\/page"}],"author":[{"embeddable":true,"href":"https:\/\/cassielou.com\/index.php\/wp-json\/wp\/v2\/users\/1"}],"replies":[{"embeddable":true,"href":"https:\/\/cassielou.com\/index.php\/wp-json\/wp\/v2\/comments?post=50"}],"version-history":[{"count":8,"href":"https:\/\/cassielou.com\/index.php\/wp-json\/wp\/v2\/pages\/50\/revisions"}],"predecessor-version":[{"id":270,"href":"https:\/\/cassielou.com\/index.php\/wp-json\/wp\/v2\/pages\/50\/revisions\/270"}],"wp:attachment":[{"href":"https:\/\/cassielou.com\/index.php\/wp-json\/wp\/v2\/media?parent=50"}],"curies":[{"name":"wp","href":"https:\/\/api.w.org\/{rel}","templated":true}]}}